{"id":774,"date":"2023-06-29T22:38:35","date_gmt":"2023-06-29T22:38:35","guid":{"rendered":"https:\/\/incata.com.ar\/?page_id=774"},"modified":"2026-03-20T18:52:24","modified_gmt":"2026-03-20T18:52:24","slug":"acerca-de-incata","status":"publish","type":"page","link":"https:\/\/incata.com.ar\/index.php\/acerca-de-incata\/","title":{"rendered":"Acerca de INCATA"},"content":{"rendered":"\n<div class=\"wp-block-group has-global-padding is-layout-constrained wp-container-1\" style=\"padding-top:var(--wp--preset--spacing--50);padding-right:var(--wp--preset--spacing--50);padding-bottom:var(--wp--preset--spacing--50);padding-left:var(--wp--preset--spacing--50)\">\n<h2 class=\"wp-block-heading has-text-align-center has-custom-color-2-color has-text-color has-x-large-font-size\">Acerca de Nosotros<\/h2>\n\n\n\n<p class=\"has-text-align-center has-custom-color-3-color has-text-color\">\u00a1Bienvenidos a Incata! Somos una empresa especializada en servicios de ingenier\u00eda y proyectos para Automatizaci\u00f3n Industrial. Adem\u00e1s comercializaci\u00f3n de equipos de microfiltraci\u00f3n de aceite y combustibles a trav\u00e9s de soluciones a la medida de cada industria. Nuestra pasi\u00f3n por la innovaci\u00f3n y la calidad nos impulsa a ofrecer soluciones eficientes y confiables para satisfacer las necesidades de nuestros clientes.<\/p>\n<\/div>\n\n\n\n<figure class=\"wp-block-gallery alignwide has-nested-images columns-default is-cropped wp-block-gallery-2 is-layout-flex\">\n<figure class=\"wp-block-image size-full\"><img decoding=\"async\" loading=\"lazy\" width=\"626\" height=\"417\" data-id=\"23\"  src=\"https:\/\/incata.com.ar\/wp-content\/uploads\/2023\/06\/Ingeniero-electricista-probador-de-trabajo-medicion-de-voltaje-y-corriente-de-la-linea-electrica-de-potencia-en-control-de-gabinete-electrico_-_-Foto-Premium.jpeg\" alt=\"\" class=\"wp-image-23\" srcset=\"https:\/\/incata.com.ar\/wp-content\/uploads\/2023\/06\/Ingeniero-electricista-probador-de-trabajo-medicion-de-voltaje-y-corriente-de-la-linea-electrica-de-potencia-en-control-de-gabinete-electrico_-_-Foto-Premium.jpeg 626w, https:\/\/incata.com.ar\/wp-content\/uploads\/2023\/06\/Ingeniero-electricista-probador-de-trabajo-medicion-de-voltaje-y-corriente-de-la-linea-electrica-de-potencia-en-control-de-gabinete-electrico_-_-Foto-Premium-300x200.jpeg 300w\" sizes=\"(max-width: 626px) 100vw, 626px\" \/><\/figure>\n\n\n\n<figure class=\"wp-block-image size-full\"><img decoding=\"async\" loading=\"lazy\" width=\"626\" height=\"417\" data-id=\"24\"  src=\"https:\/\/incata.com.ar\/wp-content\/uploads\/2023\/06\/Trabajo-en-equipo-hombre-de-negocios-e-ingeniero-en-cafe-al-aire-libre-con-la-computadora-portatil-_-Foto-Premium.jpeg\" alt=\"\" class=\"wp-image-24\" srcset=\"https:\/\/incata.com.ar\/wp-content\/uploads\/2023\/06\/Trabajo-en-equipo-hombre-de-negocios-e-ingeniero-en-cafe-al-aire-libre-con-la-computadora-portatil-_-Foto-Premium.jpeg 626w, https:\/\/incata.com.ar\/wp-content\/uploads\/2023\/06\/Trabajo-en-equipo-hombre-de-negocios-e-ingeniero-en-cafe-al-aire-libre-con-la-computadora-portatil-_-Foto-Premium-300x200.jpeg 300w\" sizes=\"(max-width: 626px) 100vw, 626px\" \/><\/figure>\n\n\n\n<figure class=\"wp-block-image size-large\"><img decoding=\"async\" loading=\"lazy\" width=\"1024\" height=\"683\" data-id=\"1017\"  src=\"https:\/\/incata.com.ar\/wp-content\/uploads\/2023\/07\/hombre-tecnico-electrico-que-trabaja-cuadro-distribucion-fusibles-usa-tableta-1024x683.jpg\" alt=\"\" class=\"wp-image-1017\" srcset=\"https:\/\/incata.com.ar\/wp-content\/uploads\/2023\/07\/hombre-tecnico-electrico-que-trabaja-cuadro-distribucion-fusibles-usa-tableta-1024x683.jpg 1024w, https:\/\/incata.com.ar\/wp-content\/uploads\/2023\/07\/hombre-tecnico-electrico-que-trabaja-cuadro-distribucion-fusibles-usa-tableta-300x200.jpg 300w, https:\/\/incata.com.ar\/wp-content\/uploads\/2023\/07\/hombre-tecnico-electrico-que-trabaja-cuadro-distribucion-fusibles-usa-tableta-768x512.jpg 768w, https:\/\/incata.com.ar\/wp-content\/uploads\/2023\/07\/hombre-tecnico-electrico-que-trabaja-cuadro-distribucion-fusibles-usa-tableta-1536x1024.jpg 1536w, https:\/\/incata.com.ar\/wp-content\/uploads\/2023\/07\/hombre-tecnico-electrico-que-trabaja-cuadro-distribucion-fusibles-usa-tableta-2048x1365.jpg 2048w\" sizes=\"(max-width: 1024px) 100vw, 1024px\" \/><\/figure>\n<\/figure>\n\n\n\n<div class=\"wp-block-group has-global-padding is-layout-constrained wp-container-7\" style=\"padding-top:var(--wp--preset--spacing--50);padding-right:var(--wp--preset--spacing--50);padding-bottom:var(--wp--preset--spacing--50);padding-left:var(--wp--preset--spacing--50)\">\n<h2 class=\"wp-block-heading has-text-align-center has-custom-color-2-color has-text-color has-x-large-font-size\">\u00bfQu\u00e9 hacemos?<\/h2>\n\n\n\n<p class=\"has-text-align-center has-custom-color-3-color has-text-color\">Con presencia en Argentina y Chile, y un equipo altamente capacitado, brindamos soluciones personalizadas que mejoran la eficiencia y la productividad de nuestros clientes. Nuestro compromiso con la excelencia y el servicio al cliente nos distingue, y trabajamos incansablemente para superar las expectativas en cada proyecto que se presenta.<\/p>\n\n\n\n<div class=\"wp-block-cover is-light\" style=\"padding-top:0;padding-right:0;padding-bottom:0;padding-left:0\"><span aria-hidden=\"true\" class=\"wp-block-cover__background has-base-background-color has-background-dim-100 has-background-dim\"><\/span><div class=\"wp-block-cover__inner-container\">\n<h2 class=\"wp-block-heading has-text-align-center has-custom-color-2-color has-text-color has-x-large-font-size\" style=\"margin-top:var(--wp--preset--spacing--30);margin-bottom:var(--wp--preset--spacing--30)\">Equipo<\/h2>\n\n\n\n<p class=\"has-text-align-center has-custom-color-3-color has-text-color\">Nos enorgullece ser representantes para Argentina de <strong><a href=\"https:\/\/www.cjc.dk\/es\/\" data-type=\"URL\" data-id=\"https:\/\/www.cjc.dk\/es\/\" target=\"_blank\" rel=\"noreferrer noopener\">CC Jensen<\/a><\/strong>, compa\u00f1\u00eda l\u00edder mundial en microfiltraci\u00f3n de aceites y combustibles.<\/p>\n\n\n\n<div class=\"wp-block-group has-custom-color-3-color has-text-color is-content-justification-center is-nowrap is-layout-flex wp-container-6\" style=\"padding-top:var(--wp--preset--spacing--40);padding-right:0;padding-bottom:var(--wp--preset--spacing--50);padding-left:0\">\n<div class=\"wp-block-group is-vertical is-content-justification-center is-layout-flex wp-container-4\">\n<figure class=\"wp-block-image size-medium\"><img decoding=\"async\" loading=\"lazy\" width=\"225\" height=\"300\" src=\"https:\/\/incata.com.ar\/wp-content\/uploads\/2023\/06\/Imagen-Joaquin-Nievas-edited-225x300.jpg\" alt=\"\" class=\"wp-image-868\" srcset=\"https:\/\/incata.com.ar\/wp-content\/uploads\/2023\/06\/Imagen-Joaquin-Nievas-edited-225x300.jpg 225w, https:\/\/incata.com.ar\/wp-content\/uploads\/2023\/06\/Imagen-Joaquin-Nievas-edited-768x1024.jpg 768w, https:\/\/incata.com.ar\/wp-content\/uploads\/2023\/06\/Imagen-Joaquin-Nievas-edited-1152x1536.jpg 1152w, https:\/\/incata.com.ar\/wp-content\/uploads\/2023\/06\/Imagen-Joaquin-Nievas-edited-1536x2048.jpg 1536w, https:\/\/incata.com.ar\/wp-content\/uploads\/2023\/06\/Imagen-Joaquin-Nievas-edited.jpg 1823w\" sizes=\"(max-width: 225px) 100vw, 225px\" \/><\/figure>\n\n\n\n<h3 class=\"wp-block-heading has-text-align-center has-medium-font-size\">Joaqu\u00edn Nievas<\/h3>\n<\/div>\n\n\n\n<div class=\"wp-block-group is-vertical is-content-justification-center is-layout-flex wp-container-5\">\n<figure class=\"wp-block-image size-medium\"><img decoding=\"async\" loading=\"lazy\" width=\"225\" height=\"300\" src=\"https:\/\/incata.com.ar\/wp-content\/uploads\/2023\/06\/Imagen-German-Desimone-edited-225x300.jpg\" alt=\"\" class=\"wp-image-869\" srcset=\"https:\/\/incata.com.ar\/wp-content\/uploads\/2023\/06\/Imagen-German-Desimone-edited-225x300.jpg 225w, https:\/\/incata.com.ar\/wp-content\/uploads\/2023\/06\/Imagen-German-Desimone-edited-768x1024.jpg 768w, https:\/\/incata.com.ar\/wp-content\/uploads\/2023\/06\/Imagen-German-Desimone-edited.jpg 807w\" sizes=\"(max-width: 225px) 100vw, 225px\" \/><\/figure>\n\n\n\n<h3 class=\"wp-block-heading has-text-align-center has-medium-font-size\">German Desimone<\/h3>\n<\/div>\n<\/div>\n<\/div><\/div>\n<\/div>\n\n\n\n<div class=\"wp-block-group has-custom-color-3-background-color has-background has-global-padding is-layout-constrained wp-container-8\" style=\"padding-top:var(--wp--preset--spacing--50);padding-right:var(--wp--preset--spacing--50);padding-bottom:var(--wp--preset--spacing--50);padding-left:var(--wp--preset--spacing--50)\">\n<h2 class=\"wp-block-heading has-text-align-center has-base-color has-text-color has-x-large-font-size\" style=\"font-style:normal;font-weight:500\">Clientes que confiaron en nosotros<\/h2>\n\n\n\n<div class=\"alignnormal\"><div id=\"metaslider-id-581\" style=\"width: 100%; margin: 0 auto;\" class=\"ml-slider-3-96-0 metaslider metaslider-flex metaslider-581 ml-slider ms-theme-default\" role=\"region\" aria-roledescription=\"Slideshow\" aria-label=\"referencias\">\n    <div id=\"metaslider_container_581\">\n        <div id=\"metaslider_581\">\n            <ul class='slides'>\n                <li style=\"display: none; width: 100%;\" class=\"slide-582 ms-image \" aria-roledescription=\"slide\" aria-label=\"slide-582\" data-date=\"2023-06-28 20:28:30\"><img src=\"https:\/\/incata.com.ar\/wp-content\/uploads\/2023\/08\/Referencia.-Emerson-235x168.png\" height=\"250\" width=\"350\" alt=\"\" class=\"slider-581 slide-582\" title=\"Referencia. Emerson\" \/><\/li>\n                <li style=\"display: none; width: 100%;\" class=\"slide-583 ms-image \" aria-roledescription=\"slide\" aria-label=\"slide-583\" data-date=\"2023-06-28 20:28:30\"><img src=\"https:\/\/incata.com.ar\/wp-content\/uploads\/2023\/08\/Referencia-CJC-225x160.png\" height=\"250\" width=\"350\" alt=\"\" class=\"slider-581 slide-583\" title=\"Referencia CJC\" \/><\/li>\n                <li style=\"display: none; width: 100%;\" class=\"slide-584 ms-image \" aria-roledescription=\"slide\" aria-label=\"slide-584\" data-date=\"2023-06-28 20:28:30\"><img src=\"https:\/\/incata.com.ar\/wp-content\/uploads\/2023\/08\/Referencia.-NA-SA-350x250.jpg\" height=\"250\" width=\"350\" alt=\"\" class=\"slider-581 slide-584\" title=\"Referencia. NA-SA\" \/><\/li>\n            <\/ul>\n        <\/div>\n        \n    <\/div>\n<\/div><\/div>\n<\/div>\n","protected":false},"excerpt":{"rendered":"<p>Acerca de Nosotros \u00a1Bienvenidos a Incata! Somos una empresa especializada en servicios de ingenier\u00eda y proyectos para Automatizaci\u00f3n Industrial. Adem\u00e1s comercializaci\u00f3n de equipos de microfiltraci\u00f3n de aceite y combustibles a trav\u00e9s de soluciones a la medida de cada industria. Nuestra pasi\u00f3n por la innovaci\u00f3n y la calidad nos impulsa a ofrecer soluciones eficientes y confiables [&hellip;]<\/p>\n","protected":false},"author":1,"featured_media":779,"parent":0,"menu_order":0,"comment_status":"closed","ping_status":"closed","template":"blank","meta":[],"_links":{"self":[{"href":"https:\/\/incata.com.ar\/index.php\/wp-json\/wp\/v2\/pages\/774"}],"collection":[{"href":"https:\/\/incata.com.ar\/index.php\/wp-json\/wp\/v2\/pages"}],"about":[{"href":"https:\/\/incata.com.ar\/index.php\/wp-json\/wp\/v2\/types\/page"}],"author":[{"embeddable":true,"href":"https:\/\/incata.com.ar\/index.php\/wp-json\/wp\/v2\/users\/1"}],"replies":[{"embeddable":true,"href":"https:\/\/incata.com.ar\/index.php\/wp-json\/wp\/v2\/comments?post=774"}],"version-history":[{"count":64,"href":"https:\/\/incata.com.ar\/index.php\/wp-json\/wp\/v2\/pages\/774\/revisions"}],"predecessor-version":[{"id":1046,"href":"https:\/\/incata.com.ar\/index.php\/wp-json\/wp\/v2\/pages\/774\/revisions\/1046"}],"wp:featuredmedia":[{"embeddable":true,"href":"https:\/\/incata.com.ar\/index.php\/wp-json\/wp\/v2\/media\/779"}],"wp:attachment":[{"href":"https:\/\/incata.com.ar\/index.php\/wp-json\/wp\/v2\/media?parent=774"}],"curies":[{"name":"wp","href":"https:\/\/api.w.org\/{rel}","templated":true}]}}