{"id":1094,"date":"2026-04-16T17:15:45","date_gmt":"2026-04-16T20:15:45","guid":{"rendered":"https:\/\/incata.com.ar\/?page_id=1094"},"modified":"2026-04-16T17:29:04","modified_gmt":"2026-04-16T20:29:04","slug":"diesel","status":"publish","type":"page","link":"https:\/\/incata.com.ar\/index.php\/diesel\/","title":{"rendered":"Diesel"},"content":{"rendered":"\n<p>La calidad del combustible es el factor determinante para la vida \u00fatil de los sistemas de inyecci\u00f3n Common Rail modernos.<\/p>\n\n\n\n<div style=\"height:53px\" aria-hidden=\"true\" class=\"wp-block-spacer\"><\/div>\n\n\n\n<h3 class=\"wp-block-heading\"><strong>Filtraci\u00f3n de Combustible CJC\u00ae<\/strong><\/h3>\n\n\n\n<ul class=\"wp-block-list\">\n<li><strong>Aplicaci\u00f3n:<\/strong> Tanques de almacenamiento de diesel, grupos electr\u00f3genos de respaldo y maquinaria pesada.<\/li>\n\n\n\n<li><strong>Soluci\u00f3n:<\/strong> Separadores de filtro (CJC\u00ae Filter Separators) que combinan la filtraci\u00f3n de part\u00edculas con la coalescencia para eliminar el agua libre.<\/li>\n\n\n\n<li><strong>Beneficio T\u00e9cnico:<\/strong>\n<ol start=\"1\" class=\"wp-block-list\">\n<li><strong>Eliminaci\u00f3n de Agua:<\/strong> Previene el crecimiento bacteriano (biodiesel) y la corrosi\u00f3n en los inyectores.<\/li>\n\n\n\n<li><strong>Protecci\u00f3n de Inyectores:<\/strong> La eliminaci\u00f3n de micropart\u00edculas evita la erosi\u00f3n de las toberas de inyecci\u00f3n, manteniendo los patrones de pulverizaci\u00f3n \u00f3ptimos y reduciendo las emisiones de particulado y el consumo de combustible.<\/li>\n<\/ol>\n<\/li>\n<\/ul>\n","protected":false},"excerpt":{"rendered":"<p>La calidad del combustible es el factor determinante para la vida \u00fatil de los sistemas de inyecci\u00f3n Common Rail modernos. Filtraci\u00f3n de Combustible CJC\u00ae<\/p>\n","protected":false},"author":2,"featured_media":1101,"parent":0,"menu_order":0,"comment_status":"closed","ping_status":"closed","template":"","meta":{"footnotes":""},"class_list":["post-1094","page","type-page","status-publish","has-post-thumbnail","hentry"],"_links":{"self":[{"href":"https:\/\/incata.com.ar\/index.php\/wp-json\/wp\/v2\/pages\/1094","targetHints":{"allow":["GET"]}}],"collection":[{"href":"https:\/\/incata.com.ar\/index.php\/wp-json\/wp\/v2\/pages"}],"about":[{"href":"https:\/\/incata.com.ar\/index.php\/wp-json\/wp\/v2\/types\/page"}],"author":[{"embeddable":true,"href":"https:\/\/incata.com.ar\/index.php\/wp-json\/wp\/v2\/users\/2"}],"replies":[{"embeddable":true,"href":"https:\/\/incata.com.ar\/index.php\/wp-json\/wp\/v2\/comments?post=1094"}],"version-history":[{"count":2,"href":"https:\/\/incata.com.ar\/index.php\/wp-json\/wp\/v2\/pages\/1094\/revisions"}],"predecessor-version":[{"id":1102,"href":"https:\/\/incata.com.ar\/index.php\/wp-json\/wp\/v2\/pages\/1094\/revisions\/1102"}],"wp:featuredmedia":[{"embeddable":true,"href":"https:\/\/incata.com.ar\/index.php\/wp-json\/wp\/v2\/media\/1101"}],"wp:attachment":[{"href":"https:\/\/incata.com.ar\/index.php\/wp-json\/wp\/v2\/media?parent=1094"}],"curies":[{"name":"wp","href":"https:\/\/api.w.org\/{rel}","templated":true}]}}