{"id":1090,"date":"2026-04-16T16:53:02","date_gmt":"2026-04-16T19:53:02","guid":{"rendered":"https:\/\/incata.com.ar\/?page_id=1090"},"modified":"2026-04-16T16:53:02","modified_gmt":"2026-04-16T19:53:02","slug":"industria","status":"publish","type":"page","link":"https:\/\/incata.com.ar\/index.php\/industria\/","title":{"rendered":"Industria"},"content":{"rendered":"\n<p>La eficiencia energ\u00e9tica y la reducci\u00f3n de la huella de carbono son los pilares de la industria moderna.<\/p>\n\n\n\n<div style=\"height:58px\" aria-hidden=\"true\" class=\"wp-block-spacer\"><\/div>\n\n\n\n<h3 class=\"wp-block-heading\"><strong>Filtraci\u00f3n Offline CJC\u00ae<\/strong><\/h3>\n\n\n\n<ul class=\"wp-block-list\">\n<li><strong>Aplicaci\u00f3n:<\/strong> Prensas hidr\u00e1ulicas, sistemas de moldeo por inyecci\u00f3n y grandes cajas de engranajes industriales.<\/li>\n\n\n\n<li><strong>Soluci\u00f3n:<\/strong> Filtros de profundidad de celulosa natural que retienen contaminantes blandos y duros.<\/li>\n\n\n\n<li><strong>Beneficio T\u00e9cnico:<\/strong> Mejora el <strong>OEE (Efectividad Global del Equipo)<\/strong> al reducir fallas imprevistas. El mantenimiento de un aceite limpio reduce la fricci\u00f3n interna en los sistemas hidr\u00e1ulicos, lo que se traduce en un menor consumo energ\u00e9tico de los motores el\u00e9ctricos.<\/li>\n<\/ul>\n\n\n\n<div style=\"height:58px\" aria-hidden=\"true\" class=\"wp-block-spacer\"><\/div>\n\n\n\n<h3 class=\"wp-block-heading\"><strong>Soluciones Valley Rubber<\/strong><\/h3>\n\n\n\n<ul class=\"wp-block-list\">\n<li><strong>Aplicaci\u00f3n:<\/strong> Sistemas de transporte y control de polvo en plantas industriales.<\/li>\n\n\n\n<li><strong>Soluci\u00f3n:<\/strong> Cortinas de caucho, sellos de transferencia y revestimientos antidesgaste para ventiladores industriales.<\/li>\n\n\n\n<li><strong>Beneficio T\u00e9cnico:<\/strong> Optimizaci\u00f3n del flujo de materiales y protecci\u00f3n de activos contra la corrosi\u00f3n y el desgaste mec\u00e1nico, extendiendo los intervalos de mantenimiento preventivo.<\/li>\n<\/ul>\n","protected":false},"excerpt":{"rendered":"<p>La eficiencia energ\u00e9tica y la reducci\u00f3n de la huella de carbono son los pilares de la industria moderna. Filtraci\u00f3n Offline CJC\u00ae Soluciones Valley Rubber<\/p>\n","protected":false},"author":2,"featured_media":1091,"parent":0,"menu_order":0,"comment_status":"closed","ping_status":"closed","template":"","meta":{"footnotes":""},"class_list":["post-1090","page","type-page","status-publish","has-post-thumbnail","hentry"],"_links":{"self":[{"href":"https:\/\/incata.com.ar\/index.php\/wp-json\/wp\/v2\/pages\/1090","targetHints":{"allow":["GET"]}}],"collection":[{"href":"https:\/\/incata.com.ar\/index.php\/wp-json\/wp\/v2\/pages"}],"about":[{"href":"https:\/\/incata.com.ar\/index.php\/wp-json\/wp\/v2\/types\/page"}],"author":[{"embeddable":true,"href":"https:\/\/incata.com.ar\/index.php\/wp-json\/wp\/v2\/users\/2"}],"replies":[{"embeddable":true,"href":"https:\/\/incata.com.ar\/index.php\/wp-json\/wp\/v2\/comments?post=1090"}],"version-history":[{"count":1,"href":"https:\/\/incata.com.ar\/index.php\/wp-json\/wp\/v2\/pages\/1090\/revisions"}],"predecessor-version":[{"id":1092,"href":"https:\/\/incata.com.ar\/index.php\/wp-json\/wp\/v2\/pages\/1090\/revisions\/1092"}],"wp:featuredmedia":[{"embeddable":true,"href":"https:\/\/incata.com.ar\/index.php\/wp-json\/wp\/v2\/media\/1091"}],"wp:attachment":[{"href":"https:\/\/incata.com.ar\/index.php\/wp-json\/wp\/v2\/media?parent=1090"}],"curies":[{"name":"wp","href":"https:\/\/api.w.org\/{rel}","templated":true}]}}