{"id":1053,"date":"2026-04-10T19:55:26","date_gmt":"2026-04-10T19:55:26","guid":{"rendered":"https:\/\/incata.com.ar\/?page_id=1053"},"modified":"2026-04-10T20:18:02","modified_gmt":"2026-04-10T20:18:02","slug":"revestimientos-antidesgaste","status":"publish","type":"page","link":"https:\/\/incata.com.ar\/index.php\/revestimientos-antidesgaste\/","title":{"rendered":"Revestimientos Antidesgaste"},"content":{"rendered":"\n<div class=\"wp-block-group has-global-padding is-layout-constrained wp-container-core-group-is-layout-1ecdab4e wp-block-group-is-layout-constrained\" style=\"padding-top:var(--wp--preset--spacing--50);padding-right:var(--wp--preset--spacing--50);padding-bottom:var(--wp--preset--spacing--50);padding-left:var(--wp--preset--spacing--50)\">\n<p>Somos distribuidores oficiales en la regi\u00f3n de <strong>Valley Rubber<\/strong>, empresa l\u00edder con sede en EE. UU., especializada en el dise\u00f1o y fabricaci\u00f3n de soluciones personalizadas en caucho y compuestos elastom\u00e9ricos para la industria minera, de agregados e industrial. Sus desarrollos est\u00e1n orientados a maximizar la disponibilidad de los equipos mediante la reducci\u00f3n dr\u00e1stica del desgaste abrasivo y el da\u00f1o por impacto.<\/p>\n\n\n\n<figure class=\"wp-block-image aligncenter size-full\"><img loading=\"lazy\" decoding=\"async\" width=\"269\" height=\"144\" src=\"https:\/\/incata.com.ar\/wp-content\/uploads\/2026\/04\/image-1.png\" alt=\"\" class=\"wp-image-1061\"\/><\/figure>\n\n\n\n<p>Con la implementaci\u00f3n de la tecnolog\u00eda de <strong>Valley Rubber<\/strong> es posible:<\/p>\n\n\n\n<ul class=\"wp-block-list\">\n<li><strong>Mitigar el impacto y la abrasi\u00f3n:<\/strong> Protecci\u00f3n de tolvas, rampas y puntos de transferencia mediante revestimientos de caucho-cer\u00e1mica de alta resistencia.<\/li>\n\n\n\n<li><strong>Optimizar el flujo de material:<\/strong> Reducci\u00f3n de pegado (carry-back) y obstrucciones en sistemas de transporte.<\/li>\n\n\n\n<li><strong>Controlar emisiones de polvo:<\/strong> Sistemas de sellado herm\u00e9tico en transportadores para cumplimiento de normativas ambientales y seguridad laboral.<\/li>\n\n\n\n<li><strong>Reducir la contaminaci\u00f3n sonora:<\/strong> Absorci\u00f3n de energ\u00eda ac\u00fastica en procesos de clasificaci\u00f3n y descarga.<\/li>\n\n\n\n<li><strong>Aumentar la vida \u00fatil de los activos:<\/strong> Sustituci\u00f3n de revestimientos met\u00e1licos por elast\u00f3meros de ingenier\u00eda de larga duraci\u00f3n.<\/li>\n<\/ul>\n\n\n\n<p>Contamos con la capacidad t\u00e9cnica para realizar el relevamiento, dise\u00f1o y suministro de la soluci\u00f3n espec\u00edfica para cada operaci\u00f3n. Equipos y repuestos disponibles para venta y soporte t\u00e9cnico integral.<\/p>\n<\/div>\n","protected":false},"excerpt":{"rendered":"<p>Somos distribuidores oficiales en la regi\u00f3n de Valley Rubber, empresa l\u00edder con sede en EE. UU., especializada en el dise\u00f1o y fabricaci\u00f3n de soluciones personalizadas en caucho y compuestos elastom\u00e9ricos para la industria minera, de agregados e industrial. Sus desarrollos est\u00e1n orientados a maximizar la disponibilidad de los equipos mediante la reducci\u00f3n dr\u00e1stica del desgaste [&hellip;]<\/p>\n","protected":false},"author":2,"featured_media":1069,"parent":0,"menu_order":0,"comment_status":"closed","ping_status":"closed","template":"","meta":{"footnotes":""},"class_list":["post-1053","page","type-page","status-publish","has-post-thumbnail","hentry"],"_links":{"self":[{"href":"https:\/\/incata.com.ar\/index.php\/wp-json\/wp\/v2\/pages\/1053","targetHints":{"allow":["GET"]}}],"collection":[{"href":"https:\/\/incata.com.ar\/index.php\/wp-json\/wp\/v2\/pages"}],"about":[{"href":"https:\/\/incata.com.ar\/index.php\/wp-json\/wp\/v2\/types\/page"}],"author":[{"embeddable":true,"href":"https:\/\/incata.com.ar\/index.php\/wp-json\/wp\/v2\/users\/2"}],"replies":[{"embeddable":true,"href":"https:\/\/incata.com.ar\/index.php\/wp-json\/wp\/v2\/comments?post=1053"}],"version-history":[{"count":4,"href":"https:\/\/incata.com.ar\/index.php\/wp-json\/wp\/v2\/pages\/1053\/revisions"}],"predecessor-version":[{"id":1062,"href":"https:\/\/incata.com.ar\/index.php\/wp-json\/wp\/v2\/pages\/1053\/revisions\/1062"}],"wp:featuredmedia":[{"embeddable":true,"href":"https:\/\/incata.com.ar\/index.php\/wp-json\/wp\/v2\/media\/1069"}],"wp:attachment":[{"href":"https:\/\/incata.com.ar\/index.php\/wp-json\/wp\/v2\/media?parent=1053"}],"curies":[{"name":"wp","href":"https:\/\/api.w.org\/{rel}","templated":true}]}}